{"id":79,"date":"2023-04-02T15:15:13","date_gmt":"2023-04-02T15:15:13","guid":{"rendered":"https:\/\/algroup.lt\/?page_id=79"},"modified":"2024-02-08T08:14:20","modified_gmt":"2024-02-08T08:14:20","slug":"al-grupe","status":"publish","type":"page","link":"https:\/\/algroup.lt\/","title":{"rendered":"AL GRUP\u0116"},"content":{"rendered":"\t\t<div data-elementor-type=\"wp-page\" data-elementor-id=\"79\" class=\"elementor elementor-79\">\n\t\t\t\t\t\t\t<div class=\"elementor-element elementor-element-dbc70bd e-con-boxed e-con\" data-id=\"dbc70bd\" data-element_type=\"container\" data-settings=\"{&quot;content_width&quot;:&quot;boxed&quot;}\">\n\t\t\t\t\t<div class=\"e-con-inner\">\n\t\t\t\t<div class=\"elementor-element elementor-element-8fd5397 elementor--h-position-center elementor--v-position-middle elementor-arrows-position-inside elementor-pagination-position-inside elementor-widget elementor-widget-slides\" data-id=\"8fd5397\" data-element_type=\"widget\" data-settings=\"{&quot;autoplay_speed&quot;:3300,&quot;transition_speed&quot;:1000,&quot;navigation&quot;:&quot;both&quot;,&quot;autoplay&quot;:&quot;yes&quot;,&quot;pause_on_hover&quot;:&quot;yes&quot;,&quot;pause_on_interaction&quot;:&quot;yes&quot;,&quot;infinite&quot;:&quot;yes&quot;,&quot;transition&quot;:&quot;slide&quot;}\" data-widget_type=\"slides.default\">\n\t\t\t\t<div class=\"elementor-widget-container\">\n\t\t\t<style>\/*! elementor-pro - v3.7.2 - 15-06-2022 *\/\n.elementor-slides .swiper-slide-bg{background-size:cover;background-position:50%;background-repeat:no-repeat;min-width:100%;min-height:100%}.elementor-slides .swiper-slide-inner{background-repeat:no-repeat;background-position:50%;position:absolute;top:0;left:0;bottom:0;right:0;padding:50px;margin:auto}.elementor-slides .swiper-slide-inner,.elementor-slides .swiper-slide-inner:hover{color:#fff;display:-webkit-box;display:-ms-flexbox;display:flex}.elementor-slides .swiper-slide-inner .elementor-background-overlay{position:absolute;z-index:0;top:0;bottom:0;left:0;right:0}.elementor-slides .swiper-slide-inner .elementor-slide-content{position:relative;z-index:1;width:100%}.elementor-slides .swiper-slide-inner .elementor-slide-heading{font-size:35px;font-weight:700;line-height:1}.elementor-slides .swiper-slide-inner .elementor-slide-description{font-size:17px;line-height:1.4}.elementor-slides .swiper-slide-inner .elementor-slide-description:not(:last-child),.elementor-slides .swiper-slide-inner .elementor-slide-heading:not(:last-child){margin-bottom:30px}.elementor-slides .swiper-slide-inner .elementor-slide-button{border:2px solid #fff;color:#fff;background:transparent;display:inline-block}.elementor-slides .swiper-slide-inner .elementor-slide-button,.elementor-slides .swiper-slide-inner .elementor-slide-button:hover{background:transparent;color:inherit;text-decoration:none}.elementor--v-position-top .swiper-slide-inner{-webkit-box-align:start;-ms-flex-align:start;align-items:flex-start}.elementor--v-position-bottom .swiper-slide-inner{-webkit-box-align:end;-ms-flex-align:end;align-items:flex-end}.elementor--v-position-middle .swiper-slide-inner{-webkit-box-align:center;-ms-flex-align:center;align-items:center}.elementor--h-position-left .swiper-slide-inner{-webkit-box-pack:start;-ms-flex-pack:start;justify-content:flex-start}.elementor--h-position-right .swiper-slide-inner{-webkit-box-pack:end;-ms-flex-pack:end;justify-content:flex-end}.elementor--h-position-center .swiper-slide-inner{-webkit-box-pack:center;-ms-flex-pack:center;justify-content:center}body.rtl .elementor-widget-slides .elementor-swiper-button-next{left:10px;right:auto}body.rtl .elementor-widget-slides .elementor-swiper-button-prev{right:10px;left:auto}.elementor-slides-wrapper div:not(.swiper-slide)>.swiper-slide-inner{display:none}@media (max-width:767px){.elementor-slides .swiper-slide-inner{padding:30px}.elementor-slides .swiper-slide-inner .elementor-slide-heading{font-size:23px;line-height:1;margin-bottom:15px}.elementor-slides .swiper-slide-inner .elementor-slide-description{font-size:13px;line-height:1.4;margin-bottom:15px}}<\/style>\t\t<div class=\"elementor-swiper\">\n\t\t\t<div class=\"elementor-slides-wrapper elementor-main-swiper swiper-container\" dir=\"ltr\" data-animation=\"fadeInUp\">\n\t\t\t\t<div class=\"swiper-wrapper elementor-slides\">\n\t\t\t\t\t\t\t\t\t\t<div class=\"elementor-repeater-item-dd1a871 swiper-slide\"><div class=\"swiper-slide-bg\"><\/div><div class=\"swiper-slide-inner\" ><div class=\"swiper-slide-contents\"><div class=\"elementor-slide-heading\">Lankstytos instrukcijos<\/div><div class=\"elementor-slide-description\">\u0160iuo gamybos b\u016bdu pagamintos instrukcijos puikiai tinka farmacijos ir kitoms pramon\u0117s \u0161akoms, kur reikia ma\u017eai vietos u\u017eiman\u010di\u0173 instrukcij\u0173 prie gaminamos produkcijos patalpinti.  <\/div><\/div><\/div><\/div><div class=\"elementor-repeater-item-fa7979b swiper-slide\"><div class=\"swiper-slide-bg\"><\/div><div class=\"swiper-slide-inner\" ><div class=\"swiper-slide-contents\"><div class=\"elementor-slide-heading\">Lankstymo schemos<\/div><div class=\"elementor-slide-description\">Galimos \u012fvairios lankstymo schemos<\/div><\/div><\/div><\/div><div class=\"elementor-repeater-item-4d0a976 swiper-slide\"><div class=\"swiper-slide-bg\"><\/div><div class=\"swiper-slide-inner\" ><div class=\"swiper-slide-contents\"><div class=\"elementor-slide-heading\">Bald\u0173 instrukcijos<\/div><div class=\"elementor-slide-description\">Ir kitoki\u0173 gamini\u0173 instrukcijos pagal j\u016bs\u0173 poreik\u012f<\/div><\/div><\/div><\/div><div class=\"elementor-repeater-item-238e58e swiper-slide\"><div class=\"swiper-slide-bg\"><\/div><div class=\"swiper-slide-inner\" ><div class=\"swiper-slide-contents\"><div class=\"elementor-slide-heading\">CMR blankai<\/div><div class=\"elementor-slide-description\">Standartiniai, arba su j\u016bs\u0173 logo<\/div><\/div><\/div><\/div><div class=\"elementor-repeater-item-485e227 swiper-slide\"><div class=\"swiper-slide-bg\"><\/div><div class=\"swiper-slide-inner\" ><div class=\"swiper-slide-contents\"><div class=\"elementor-slide-heading\">Katalog\u0173 su rodykle, indeksais gamyba<\/div><div class=\"elementor-slide-description\">Pagaminsim katalogus su turinio rodykle i\u0161kirsta katalogo \u0161one-vadinama \"index\" rodykle<\/div><\/div><\/div><\/div><div class=\"elementor-repeater-item-42447cb swiper-slide\"><div class=\"swiper-slide-bg\"><\/div><div class=\"swiper-slide-inner\" ><div class=\"swiper-slide-contents\"><div class=\"elementor-slide-heading\">\u012evairi spausdinta produkcija<\/div><div class=\"elementor-slide-description\">Pagaminsi katalogus, knygas, \u017eurnalus, skrajutes ir t.t<\/div><\/div><\/div><\/div><div class=\"elementor-repeater-item-91716d9 swiper-slide\"><div class=\"swiper-slide-bg\"><\/div><div class=\"swiper-slide-inner\" ><div class=\"swiper-slide-contents\"><div class=\"elementor-slide-heading\">Etiket\u0117s lipdukai<\/div><div class=\"elementor-slide-description\">Pagaminsim \u012fvairias etiketes, rulonuose, arba ant lap\u0173.<\/div><\/div><\/div><\/div><div class=\"elementor-repeater-item-7969ca9 swiper-slide\"><div class=\"swiper-slide-bg\"><\/div><div class=\"swiper-slide-inner\" ><div class=\"swiper-slide-contents\"><div class=\"elementor-slide-heading\">Didelio formato spauda<\/div><div class=\"elementor-slide-description\">Tent\u0173, plakat\u0173, foto sieneli\u0173, drobi\u0173 ir t.t gamyba<\/div><\/div><\/div><\/div><div class=\"elementor-repeater-item-653edfb swiper-slide\"><div class=\"swiper-slide-bg\"><\/div><div class=\"swiper-slide-inner\" ><div class=\"swiper-slide-contents\"><div class=\"elementor-slide-heading\">Knyg\u0173 spausdinimas ir leidyba<\/div><div class=\"elementor-slide-description\">Spausdiname knygas nuo 1 vnt iki dideli\u0173 tira\u017e\u0173. Atliekame maketavimo ir korekt\u016bros darbus.<\/div><\/div><\/div><\/div>\t\t\t\t<\/div>\n\t\t\t\t\t\t\t\t\t\t\t\t\t\t\t<div class=\"swiper-pagination\"><\/div>\n\t\t\t\t\t\t\t\t\t\t\t\t\t\t\t\t<div class=\"elementor-swiper-button elementor-swiper-button-prev\">\n\t\t\t\t\t\t\t<i aria-hidden=\"true\" class=\"eicon-chevron-left\"><\/i>\t\t\t\t\t\t\t<span class=\"elementor-screen-only\">Previous<\/span>\n\t\t\t\t\t\t<\/div>\n\t\t\t\t\t\t<div class=\"elementor-swiper-button elementor-swiper-button-next\">\n\t\t\t\t\t\t\t<i aria-hidden=\"true\" class=\"eicon-chevron-right\"><\/i>\t\t\t\t\t\t\t<span class=\"elementor-screen-only\">Next<\/span>\n\t\t\t\t\t\t<\/div>\n\t\t\t\t\t\t\t\t\t\t\t\t<\/div>\n\t\t<\/div>\n\t\t\t\t<\/div>\n\t\t\t\t<\/div>\n\t\t\t\t\t<\/div>\n\t\t\t\t<\/div>\n\t\t<div class=\"elementor-element elementor-element-f6ddea2 e-con-boxed e-con\" data-id=\"f6ddea2\" data-element_type=\"container\" data-settings=\"{&quot;content_width&quot;:&quot;boxed&quot;}\">\n\t\t\t\t\t<div class=\"e-con-inner\">\n\t\t\t\t<div class=\"elementor-element elementor-element-676c348 elementor-widget__width-initial elementor-widget elementor-widget-text-editor\" data-id=\"676c348\" data-element_type=\"widget\" data-widget_type=\"text-editor.default\">\n\t\t\t\t<div class=\"elementor-widget-container\">\n\t\t\t<style>\/*! elementor - v3.9.2 - 21-12-2022 *\/\n.elementor-widget-text-editor.elementor-drop-cap-view-stacked .elementor-drop-cap{background-color:#818a91;color:#fff}.elementor-widget-text-editor.elementor-drop-cap-view-framed .elementor-drop-cap{color:#818a91;border:3px solid;background-color:transparent}.elementor-widget-text-editor:not(.elementor-drop-cap-view-default) .elementor-drop-cap{margin-top:8px}.elementor-widget-text-editor:not(.elementor-drop-cap-view-default) .elementor-drop-cap-letter{width:1em;height:1em}.elementor-widget-text-editor .elementor-drop-cap{float:left;text-align:center;line-height:1;font-size:50px}.elementor-widget-text-editor .elementor-drop-cap-letter{display:inline-block}<\/style>\t\t\t\t<h5><span style=\"color: #000000;\">UAB &#8222;AL GRUP\u0116&#8221; teikia auk\u0161tos kokyb\u0117s spaudos paslaugas.<\/span><\/h5><h4><a href=\"https:\/\/algroup.lt\/?page_id=427\"><span style=\"color: #000080;\"><strong><span style=\"color: #ff0000;\">KNYG\u0172 KAINA-SPAUSK \u010cIA&#8230;<\/span><\/strong><\/span><\/a><\/h4><p>Spausdiname knygas, nuo 1 vnt. iki dideli\u0173 tira\u017e\u0173, esant poreikiui sumaketuojame, atliekame korekt\u016bros darbus-nuo \u0161i\u0173 darb\u0173 apimties priklauso knygos galutin\u0117 kaina.<\/p><p>Gaminame \u012fvairias instrukcijas: bald\u0173, prietais\u0173, vaist\u0173 anotacijas(galime daryti daug ir smulki\u0173 lenkim\u0173).<\/p><p>Pagaminsim \u012fvairius blankus, kuriuos galime perforuoti, numeruoti, biguoti, komplektuoti. CMR blank\u0173 gamyba pagal specialius poreikius. Buhalteriniai blankai. Statistikos formos.<\/p><p>Ofsetin\u0117s spaudos ma\u0161inos mums leid\u017eia pasi\u016blyti konkurencingas kainas vidutiniams ir dideliems tira\u017eams gaminti. M\u016bs\u0173 turima skaitmenin\u0117s spaudos \u012franga tinka ma\u017eiems tira\u017eams<\/p><p>Spausdiname laikra\u0161\u010dius rulonin\u0117s ir lapin\u0117s spaudos ma\u0161inomis.<\/p><p>Katalogus, lipdukus, tentus, skrajutes, vizitines korteles ir t.t<\/p><p>Galime pasi\u016blyti visas spaudos paslaugas.<\/p>\t\t\t\t\t\t<\/div>\n\t\t\t\t<\/div>\n\t\t\t\t\t<\/div>\n\t\t\t\t<\/div>\n\t\t\t\t\t\t\t<\/div>\n\t\t","protected":false},"excerpt":{"rendered":"<p>Lankstytos instrukcijos\u0160iuo gamybos b\u016bdu pagamintos instrukcijos puikiai tinka farmacijos ir kitoms pramon\u0117s \u0161akoms, kur reikia ma\u017eai vietos u\u017eiman\u010di\u0173 instrukcij\u0173 prie gaminamos produkcijos patalpinti. Lankstymo schemosGalimos \u012fvairios lankstymo schemosBald\u0173 instrukcijosIr kitoki\u0173 gamini\u0173 instrukcijos pagal j\u016bs\u0173 poreik\u012fCMR blankaiStandartiniai, arba su j\u016bs\u0173 logoKatalog\u0173 su rodykle, indeksais gamybaPagaminsim katalogus su turinio rodykle i\u0161kirsta katalogo \u0161one-vadinama &#8222;index&#8221; rodykle\u012evairi spausdinta produkcijaPagaminsi [&hellip;]<\/p>\n","protected":false},"author":1,"featured_media":0,"parent":0,"menu_order":0,"comment_status":"closed","ping_status":"closed","template":"elementor_header_footer","meta":{"footnotes":""},"class_list":["post-79","page","type-page","status-publish","hentry"],"_links":{"self":[{"href":"https:\/\/algroup.lt\/index.php?rest_route=\/wp\/v2\/pages\/79","targetHints":{"allow":["GET"]}}],"collection":[{"href":"https:\/\/algroup.lt\/index.php?rest_route=\/wp\/v2\/pages"}],"about":[{"href":"https:\/\/algroup.lt\/index.php?rest_route=\/wp\/v2\/types\/page"}],"author":[{"embeddable":true,"href":"https:\/\/algroup.lt\/index.php?rest_route=\/wp\/v2\/users\/1"}],"replies":[{"embeddable":true,"href":"https:\/\/algroup.lt\/index.php?rest_route=%2Fwp%2Fv2%2Fcomments&post=79"}],"version-history":[{"count":227,"href":"https:\/\/algroup.lt\/index.php?rest_route=\/wp\/v2\/pages\/79\/revisions"}],"predecessor-version":[{"id":522,"href":"https:\/\/algroup.lt\/index.php?rest_route=\/wp\/v2\/pages\/79\/revisions\/522"}],"wp:attachment":[{"href":"https:\/\/algroup.lt\/index.php?rest_route=%2Fwp%2Fv2%2Fmedia&parent=79"}],"curies":[{"name":"wp","href":"https:\/\/api.w.org\/{rel}","templated":true}]}}